{"id":6353,"date":"2021-03-13T15:21:44","date_gmt":"2021-03-13T20:21:44","guid":{"rendered":"https:\/\/egad.engineering.queensu.ca\/?page_id=6353"},"modified":"2021-03-15T14:51:55","modified_gmt":"2021-03-15T19:51:55","slug":"gacip-post-event-french","status":"publish","type":"page","link":"https:\/\/egad.engineering.queensu.ca\/?page_id=6353","title":{"rendered":"GACIP Post-Event (French)"},"content":{"rendered":"<div id=\"cs-content\" class=\"cs-content\"><\/div>\n","protected":false},"excerpt":{"rendered":"<p>PDFEnglish Table des mati\u00e8res Introduction\u00a0 Notes sur la plateforme de visioconf\u00e9rence S\u00e9ance d&#8217;avant-midi\u00a0 S\u00e9ance d&#8217;apr\u00e8s-midi\u00a0 Pan\u00e9listes\u00a0 Pr\u00e9sentations\u00a0 Sous-groupes de conversation \u00a0 Prochaines \u00e9tapes &#8211; Comment se mobiliser, rester en contact et explorer davantage\u00a0 Introduction Cette ann\u00e9e, conform\u00e9ment aux protocoles recommand\u00e9s en lien avec la pand\u00e9mie de la COVID-19, le Sommet QRD\/AC\u00a02020 a \u00e9t\u00e9 enti\u00e8rement adapt\u00e9 au format virtuel. Ce changement &#8230;<\/p>\n","protected":false},"author":22,"featured_media":0,"parent":0,"menu_order":0,"comment_status":"closed","ping_status":"closed","template":"","meta":{"footnotes":""},"class_list":["post-6353","page","type-page","status-publish","hentry","no-post-thumbnail"],"_links":{"self":[{"href":"https:\/\/egad.engineering.queensu.ca\/index.php?rest_route=\/wp\/v2\/pages\/6353","targetHints":{"allow":["GET"]}}],"collection":[{"href":"https:\/\/egad.engineering.queensu.ca\/index.php?rest_route=\/wp\/v2\/pages"}],"about":[{"href":"https:\/\/egad.engineering.queensu.ca\/index.php?rest_route=\/wp\/v2\/types\/page"}],"author":[{"embeddable":true,"href":"https:\/\/egad.engineering.queensu.ca\/index.php?rest_route=\/wp\/v2\/users\/22"}],"replies":[{"embeddable":true,"href":"https:\/\/egad.engineering.queensu.ca\/index.php?rest_route=%2Fwp%2Fv2%2Fcomments&post=6353"}],"version-history":[{"count":50,"href":"https:\/\/egad.engineering.queensu.ca\/index.php?rest_route=\/wp\/v2\/pages\/6353\/revisions"}],"predecessor-version":[{"id":6421,"href":"https:\/\/egad.engineering.queensu.ca\/index.php?rest_route=\/wp\/v2\/pages\/6353\/revisions\/6421"}],"wp:attachment":[{"href":"https:\/\/egad.engineering.queensu.ca\/index.php?rest_route=%2Fwp%2Fv2%2Fmedia&parent=6353"}],"curies":[{"name":"wp","href":"https:\/\/api.w.org\/{rel}","templated":true}]}}